{"id":115,"date":"2025-02-14T19:43:55","date_gmt":"2025-02-14T18:43:55","guid":{"rendered":"https:\/\/eo-vmw-jwpa.ku.de\/wordpress-ms\/schlachter\/?page_id=115"},"modified":"2025-03-03T20:28:02","modified_gmt":"2025-03-03T19:28:02","slug":"feature","status":"publish","type":"page","link":"https:\/\/eo-vmw-jwpa.ku.de\/wordpress-ms\/schlachter\/feature\/","title":{"rendered":"Von einer Stufe mit dem B\u00fcrgermeister zum Dorfdepp"},"content":{"rendered":"\n<div class=\"wp-block-cover alignfull is-light has-parallax\"><span aria-hidden=\"true\" class=\"wp-block-cover__background has-background-dim\" style=\"background-color:#86a363\"><\/span><div class=\"wp-block-cover__image-background wp-image-182 has-parallax\" style=\"background-position:50% 50%;background-image:url(https:\/\/eo-vmw-jwpa.ku.de\/wordpress-ms\/schlachter\/wp-content\/uploads\/sites\/220\/2024\/12\/Bildschirmfoto-2025-02-14-um-19.59.53.png)\"><\/div><div class=\"wp-block-cover__inner-container has-global-padding is-layout-constrained wp-block-cover-is-layout-constrained\">\n<p class=\"has-text-align-center has-text-color has-link-color has-large-font-size wp-elements-c6d23ce0b5b701377d03333e20f82243\" style=\"color:#ffffff\">Egal ob als Train\u00ader oder in Ver\u00adwal\u00adtungsauf\u00adgaben \u2014 Es gibt immer weniger Ehre\u00adnamtliche in Sportvere\u00adinen. Woran liegt das.<\/p>\n\n\n\n<p class=\"has-drop-cap has-text-color has-background has-link-color wp-elements-8391cbc382cf07ff1ce661699c0a5cd0\" style=\"color:#fffefe;background-color:#920000\" data-aos=\"fade-up\" data-aos-duration=\"1550\">Er wurde von Arbeit\u00adskol\u00adle\u00adgen aus\u00adgelacht, Spon\u00adsoren nah\u00admen ihn nicht ernst und ver\u00addi\u00adent hat er auch nie etwas. Tobias Krauss (39) war bis Anfang des Jahres Vor\u00adstandsvor\u00adsitzen\u00adder des Fu\u00dfball\u00adclubs Lin\u00adden\u00adberg (FCL). Er hat den Auf\u00adstieg in die Bezirk\u00adsli\u00adga, aber auch den Wieder\u00adab\u00adstieg im darauf\u00adfol\u00adgen\u00adden Jahr miter\u00adlebt. Doch jet\u00adzt war f\u00fcr ihn nach zehn Jahren endg\u00fcltig Schluss. \u201eIch bin seit fast 30 Jahren im Vere\u00adin und seit \u00fcber zehn Jahren ehre\u00adnamtlich in ver\u00adschieden\u00adsten \u00c4mtern. Jet\u00adzt brauch ich mal ein paar Jahre Ruhe\u201c, sagt er.<\/p>\n\n\n\n<p class=\"has-contrast-background-color has-text-color has-background has-link-color wp-elements-9d9deb098a1d495e31186451ef24da8b\" style=\"color:#fefdfd\" data-aos=\"fade-up\" data-aos-duration=\"1550\">Dass es zu viel ist, hat\u00adte er let\u00adzten Som\u00admer gemerkt, als seine Tochter zu ihm sagte: \u201ePapa, ich kenn dich nur als Vor\u00adstand vom FCL.\u201c Ein Satz, der Krauss zeigte, dass er sich in Zukun\u00adft mehr um die Fam\u00adi\u00adlie und weniger um Dinge wie Finanzen, Mit\u00adglied\u00adsantr\u00e4ge und Spon\u00adsoren k\u00fcm\u00admern will. \u201eAls Vor\u00adstand hast du die gle\u00adichen Auf\u00adgaben wie ein Gesch\u00e4fts\u00adf\u00fchrer, nur mit dem Unter\u00adschied, dass du nicht bezahlt wirst.\u201c Auch der Respekt und die Anerken\u00adnung sei nicht mehr so wie noch vor ein paar Jahren. \u201eFr\u00fcher stand der Vor\u00adstand\u00advor\u00adsitzende auf ein\u00ader Stufe mit dem B\u00fcrg\u00ader\u00admeis\u00adter. Heut lachen die Leute nur noch dar\u00fcber, dass man so ein Amt \u00fcber\u00adhaupt macht.\u201c<\/p>\n\n\n\n<p class=\"has-text-color has-background has-link-color wp-elements-3e835e4ba489b5d2a1fadf1143aeb242\" style=\"color:#fdfbfb;background-color:#920000\" data-aos=\"fade-up\" data-aos-duration=\"1550\">Als Nach\u00adfol\u00adger von Tobias Krauss hat Johannes Dotschkail (33) den Posten des Vor\u00adstandsvor\u00adsitzen\u00adden \u00fcber\u00adnom\u00admen. Mit dem gro\u00dfen Ziel: Jugend\u00adf\u00f6rderung. Daf\u00fcr sucht er seit einem hal\u00adben Jahr nach einem geeigneten Train\u00ader f\u00fcr die A\u2011Jugend, also der let\u00adzten Stufe vor dem Her\u00adren\u00adbere\u00adich \u2014 Bis jet\u00adzt verge\u00adblich. \u201eEs ist echt schwierig, jeman\u00adden mit Vor\u00aderfahrung zu find\u00aden, der das Ganze dann auch noch ehre\u00adnamtlich macht\u201c, sagt er. Das Prob\u00adlem, Train\u00ader zu find\u00aden und die guten zu hal\u00adten, zieht sich aber durch die gesamte Jugend. Mit der Kon\u00adse\u00adquenz, dass der FC Lin\u00adden\u00adberg mit sein\u00ader A\u2011Jugend n\u00e4ch\u00adstes Jahr wahrschein\u00adlich mit ein\u00ader anderen Mannschaft eine Spiel\u00adge\u00admein\u00adschaft gr\u00fcn\u00adden, oder aufgel\u00f6st wer\u00adden muss.&nbsp;<\/p>\n\n\n\n<p class=\"has-contrast-background-color has-text-color has-background has-link-color wp-elements-310c9c5f1fa1c7bd03ba87838a171d61\" style=\"color:#fffefe\" data-aos=\"fade-up\" data-aos-duration=\"1550\">Damit geht es dem FCL wie vie\u00adlen anderen Vere\u00adinen auch. Es gibt immer weniger Ehre\u00adnamtliche in den Sportvere\u00adinen. Das gilt eben\u00adfalls f\u00fcr die drei anderen Sportvere\u00adine in Lin\u00adden\u00adberg. Sowohl der Ten\u00adnis\u00adclub, der Turn\u00advere\u00adin und der Turn\u00ader\u00adspiel\u00admannszug haben alle \u00e4hn\u00adlichen Prob\u00adleme wie der FCL.<\/p>\n\n\n\n<p class=\"has-text-color has-background has-link-color wp-elements-4bcd3b6c2a58c7ebea886bec13fc6d0f\" style=\"color:#fdfdfd;background-color:#920000\" data-aos=\"fade-up\" data-aos-duration=\"1550\">Deshalb gibt es auch immer \u00f6fter Fusio\u00adnen oder gar Aufl\u00f6\u00adsun\u00adgen. Aber nicht nur weil bei vie\u00adlen Vere\u00adinen auch Mit\u00adglieder fehlen, son\u00addern vor allem weil die Ehre\u00adnamtlichen an allen Eck\u00aden und Enden aus\u00adbleiben. \u201eDie Lage wird immer kri\u00adtis\u00adch\u00ader\u201c, sagt Peter Schu\u00adbert von der Zivilge\u00adsellschaft in Zahlen (ZiviZ). Und das, obwohl ger\u00adade der Sport noch zu den pos\u00adi\u00adtiv\u00aden Beispie\u00adlen geh\u00f6rt. \u201eEhre\u00adnamtliche in den Feldern Kul\u00adtur, Bil\u00addung oder auch bei der Feuer\u00adwehr sind noch schw\u00ader\u00ader zu find\u00aden.\u201c Das liege vor allem daran, dass es Sport und Musik schon seit Jahrzehn\u00adten in jedem Dorf gebe. \u201eDeshalb sehen wir auch hier die wenig\u00adsten Prob\u00adleme.\u201c Trotz\u00addem ist die Lage anges\u00adpan\u00adnt und wird auch nicht bess\u00ader. Beson\u00adders prob\u00adlema\u00adtisch sei das f\u00fcr die Gesellschaft, denn wie wichtig Sportvere\u00adine \u00fcber\u00adhaupt sind, sei vie\u00adlen nicht klar. \u201eDa ist es egal, ob du im Gym\u00adna\u00adsi\u00adum oder auf der Mit\u00adtelschule bist, ob du Christ oder Mus\u00adlim bist.\u201c Beim Sport seien alle gle\u00adich.<\/p>\n\n\n\n<p class=\"has-contrast-background-color has-text-color has-background has-link-color wp-elements-979c9d574c8fbe9db5d5e6f528276952\" style=\"color:#f8f6f6\" data-aos=\"fade-up\" data-aos-duration=\"1550\">W\u00e4hrend er die Anweisun\u00adgen f\u00fcr das Spiel erk\u00adl\u00e4rte, waren die Spiel\u00ader an den Handys. Kein\u00ader kam mehr ins Train\u00ading und wenn doch, dann nur um die B\u00e4lle durch die Gegend zu bolzen. \u00dcber knapp 13 Jahre war Elvis Telesklav Train\u00ader beim FC Lin\u00adden\u00adberg. 13 Jahre lang begleit\u00adete er seinen Sohn von der F\u2011Jugend, also den fast j\u00fcng\u00adsten Kick\u00adern bis hin zur A\u2011Jugend. Jet\u00adzt war f\u00fcr den 43-j\u00e4hri\u00adgen aber Schluss. Und das vor allem weil die Unter\u00adst\u00fctzung vom Vere\u00adin fehlte. Im let\u00adzten Jahr \u00fcber\u00adnahm Telesklav n\u00e4m\u00adlich nicht nur die A- son\u00addern auch die B\u2011Jugend. Hei\u00dft: Dien\u00adstag, Mittwoch, Don\u00adner\u00adstag und Fre\u00aditag Train\u00ading leit\u00aden. Sam\u00adstag und Son\u00adntag am Spielfel\u00addrand ste\u00adhen. Daneben noch eine Fam\u00adi\u00adlie und einen Job. \u201eIch habe manche Spiel\u00ader \u00f6fter gese\u00adhen als meine Frau\u201c, sagt er. Und der Vere\u00adin? Kon\u00adnte ihm nie\u00adman\u00adden zur Hil\u00adfe stellen. Dabei hat\u00adte ihm das Train\u00ader\u00adamt immer Spa\u00df gemacht, betont Telesklav. \u201eIch habe die Jungs echt lang mit\u00adbe\u00adgleit\u00adet. Du siehst sie aufwach\u00adsen, das baut ein\u00adfach eine Bindung auf.\u201c Aber sich jede Woche mit 20 Jugendlichen rumzuschla\u00adgen, das wurde auf Dauer zu ner\u00adven\u00adz\u00ader\u00adrei\u00dfend. \u201eIch hat\u00adte keine Pause mehr. Mein Leben bestand nur noch aus Fu\u00dfball und Arbeit\u00aden.\u201c Stattdessen nutzt er seine Freizeit jet\u00adzt f\u00fcr Fahrrad\u00adtouren, Spazierg\u00e4nge und Zeit mit der Fam\u00adi\u00adlie und dem Hund.&nbsp;<\/p>\n\n\n\n<p class=\"has-text-color has-background has-link-color wp-elements-06a128d83db1f0ce1213f1910503ffe0\" style=\"color:#ffffff;background-color:#920000\" data-aos=\"fade-up\" data-aos-duration=\"1550\">Neue Hob\u00adbys ent\u00addeck\u00aden oder die Freizeit f\u00fcr Fam\u00adi\u00adlie und Haus nutzen wollen: Das sind typ\u00adis\u00adche Gr\u00fcnde, warum es immer weniger Ehre\u00adnamtliche gibt. Auch Coro\u00adna hat dabei einen Ein\u00adfluss gehabt. \u201eViele haben nat\u00fcr\u00adlich gemerkt: Hop\u00adpla, es gibt auch was anderes als mein Ehre\u00adnamt und das macht auch richtig Spa\u00df\u201c, sagt Peter Schu\u00adbert von der ZiviZ. Weit\u00adere Gr\u00fcnde seien, dass die Men\u00adschen immer \u00f6fter umziehen und so keine langfristige Bindung zum Vere\u00adin einge\u00adhen. Und es gebe eine Ver\u00e4n\u00adderung der Gesellschaft, die immer weniger Inter\u00adesse daran hat, Ver\u00adant\u00adwor\u00adtung zu \u00fcbernehmen.&nbsp;<\/p>\n\n\n\n<p class=\"has-contrast-background-color has-text-color has-background has-link-color wp-elements-83cd2abc48083576da7e0f28b1c060bc\" style=\"color:#fefdfd\" data-aos=\"fade\" data-aos-duration=\"1550\">Das kann auch Dotschkail best\u00e4ti\u00adgen. \u201eVer\u00adant\u00adwor\u00adtung f\u00fcr etwas Langfristiges zu \u00fcbernehmen, das war fr\u00fcher gar kein The\u00adma\u201c sagt der Vor\u00adstand\u00advor\u00adsitzende des FCL. F\u00fcr ein\u00adma\u00adlige Auf\u00adgaben wie das Grillen bei Fes\u00adten gebe es immer noch genug Frei\u00adwillige, \u201eaber wenn es dann mal \u00fcber das eine Mal hin\u00adaus\u00adge\u00adht, hat jed\u00ader immer eine Ausrede parat.\u201c Was f\u00fcr den FCL erschw\u00aderend hinzukommt, sind die vie\u00adlen Ange\u00adbote, die es in der Stadt im Ver\u00adgle\u00adich zum Dorf gibt. \u201eWenn es nur Musik oder Sport gibt, gehst du zwangsl\u00e4u\u00adfig da hin.\u201c Bei den vie\u00adlen Ange\u00adboten, die es in ein\u00ader Stadt wie Lin\u00adden\u00adberg mit\u00adtler\u00adweile gibt, nehmen sich die Vere\u00adine die Mit\u00adglieder selb\u00adst weg.<\/p>\n\n\n\n<p class=\"has-text-color has-background has-link-color wp-elements-4ccad21a13ebd4f06bc0d092babe2585\" style=\"color:#fdfdfd;background-color:#920000\" data-aos=\"fade\" data-aos-duration=\"1550\">\u00dcber elf Jahre war Ker\u00adstin H\u00f6r\u00adrauf eine der Ehre\u00adnamtlichen, die man als Frau f\u00fcr alles beze\u00adich\u00adnet. Sie k\u00fcm\u00admerte sich beim FCL um die Home\u00adpage, war stel\u00adlvertre\u00adtende Jugendlei\u00adt\u00aderin und sprang auch als Trainer\u00adin ein, wenn Not am Mann war. Solange, bis ihr Mann 2019 vom dama\u00adli\u00adgen Vor\u00adstand aus dem Vere\u00adin \u201egeekelt\u201c wurde und damit auch ihre Zeit erst\u00admal vor\u00adbei war. \u201eIch war dann lang nicht mehr auf dem Sport\u00adplatz, das Tis\u00adchtuch war zer\u00adschnit\u00adten.\u201c Aber als sie sich dann vor knapp einem Jahr erst\u00admals wieder auf den Sport\u00adplatz wagte, wurde sie von vie\u00adlen bekan\u00adnten Gesichtern fre\u00adundlichst emp\u00adfan\u00adgen. \u201eDas sind ja alles lang meine Fre\u00adunde gewe\u00adsen und mit denen habe ich mich auch immer gut ver\u00adstanden.\u201c Ein Ehre\u00adnamt wieder zu \u00fcbernehmen, schien damals aber noch undenkbar. Bis vor weni\u00adgen Wochen der Anruf kam. \u201eDer Dotschkail hat mich angerufen und gefragt, ob ich wieder was machen w\u00fcrde\u201c, sagt die 59-j\u00e4hrige. Eine R\u00fcck\u00adkehr wird es aber erst\u00admal nicht geben. Und wenn doch, dann nicht mehr so viel wie fr\u00fcher. \u201eMan hat gel\u00adernt, dass es auch ein Leben au\u00dfer\u00adhalb vom Fu\u00dfball gibt.\u201c Radeln, Wan\u00addern, Baden \u2013 das sind nur ein paar der Hob\u00adbys denen H\u00f6r\u00adrauf mit\u00adtler\u00adweile nachge\u00adht und die sie auch nicht mehr aufgeben will.&nbsp;<\/p>\n\n\n\n<p class=\"has-contrast-background-color has-text-color has-background has-link-color wp-elements-d52f2a172bad8c1f976fb43f764d1594\" style=\"color:#fefefe\" data-aos=\"fade\" data-aos-duration=\"1550\">\u201eEine Vor\u00adstand\u00adschaft ist wie eine Fu\u00dfball\u00admannschaft, da m\u00fcssen alle zusam\u00adme\u00adnar\u00adbeit\u00aden, son\u00adst kommt nix bei raus\u201c, sagt Dotschkail. Dass es zu Rei\u00adbungspunk\u00adten kommt, sei klar, aber der\u00adart ausarten, dass Ehre\u00adnamtliche keine Lust mehr auf das Amt haben, d\u00fcrfe es nie. Denn Ehre\u00adnamtliche sind rar ges\u00e4t und die Weni\u00adgen, die man noch habe, d\u00fcrfe man nicht ver\u00adgraulen. Ins\u00adge\u00adsamt fehlen aber f\u00fcr die Ver\u00adwal\u00adtungsauf\u00adgaben nicht wirk\u00adlich viele Ehre\u00adnamtliche. \u201eDa sieht es jet\u00adzt aktuell ganz gut aus\u201c, sagt Dotschkail. Was fehlt sind die Train\u00ader.&nbsp;<\/p>\n\n\n\n<p class=\"has-text-color has-background has-link-color wp-elements-d827af3e0bcad700aa0c9967a2d582d7\" style=\"color:#fffefe;background-color:#920000\" data-aos=\"fade\" data-aos-duration=\"1550\">Dabei ist Bay\u00adern, was die Ehre\u00adnamtlichen ange\u00adht, im bun\u00addesweit\u00aden Ver\u00adgle\u00adich sog\u00adar noch vorne mit dabei. \u201eWir sind Top-Drei in Deutsch\u00adland\u201c, sagt J\u00f6rg Ammon, Pr\u00e4si\u00addent des Bay\u00aderischen Sportver\u00adban\u00addes. Ger\u00adade in den Vor\u00adstand\u00adspo\u00adsi\u00adtio\u00adnen bleiben die Men\u00adschen durch\u00adschnit\u00adtlich l\u00e4nger. Trotz\u00addem sieht auch er die neg\u00ada\u00adtive Entwick\u00adlung. \u201eF\u00fcr ein\u00adma\u00adlige Sachen oder Gro\u00dfereignisse wie die EM ist die Bere\u00aditschaft immer noch sehr gro\u00df, aber wenn es um etwas Langfristiges geht, schreck\u00aden die meis\u00adten zur\u00fcck.\u201c Aber was kann man als Vere\u00adin tun? \u201eDie Erwartung\u00adshal\u00adtung muss sinken\u201c, sagt Ammon. Die Vere\u00adine m\u00fcssten finanzielle Anreize schaf\u00adfen und die Anerken\u00adnung steigern. Entsch\u00e4di\u00adgun\u00adgen, Erle\u00adichterun\u00adgen oder h\u00f6here Pauschalen seien vorstell\u00adbar. Ger\u00adade auch den Jun\u00adgen muss eine Per\u00adspek\u00adtive geboten wer\u00adden. \u201eEs sind meis\u00adtens einge\u00adfahrene Struk\u00adturen im Vere\u00adin, aber man muss offen f\u00fcr Neues sein.\u201c Noch gebe es genug Junge die auch Lust h\u00e4t\u00adten anzu\u00adpack\u00aden. \u201eAber oft bes\u00adtim\u00admen Alte Her\u00adren den Gro\u00dfteil, wer neu dazukommt muss sich erst\u00admal beweisen.\u201c<\/p>\n\n\n\n<p class=\"has-text-align-center has-contrast-background-color has-text-color has-background has-link-color wp-elements-7e16687bb185c542556318aeb6b83b15\" style=\"color:#ffffff;font-size:clamp(0.875rem, 0.875rem + ((1vw - 0.2rem) * 0.375), 1.1rem);\" data-aos=\"fade-up\" data-aos-duration=\"1550\">Und wie sieht das beim FC Lin\u00adden\u00adberg aus? Ger\u00adade beim The\u00adma Train\u00ader\u00adsuche plant der Vere\u00adin f\u00fcr n\u00e4ch\u00adstes Jahr einiges. Schu\u00adlun\u00adgen, Aus\u00adbil\u00addun\u00adgen und Tankgutscheine, sollen erste Anreize sein. \u201eWir haben ja einige ehe\u00adma\u00adlige Spiel\u00ader, die Inter\u00adesse h\u00e4t\u00adten eine Train\u00ader\u00adaus\u00adbil\u00addung zu machen\u201c, sagt Dotschkail. Deshalb will der FCL die Train\u00ader\u00adgrun\u00addaus\u00adbil\u00addung des DFB n\u00e4ch\u00adstes Jahr in Lin\u00adden\u00adberg organ\u00adisieren. Damit zumin\u00add\u00adest bei den Train\u00adern in Zukun\u00adft keine Ehre\u00adnamtlichen fehlen.&nbsp;<\/p>\n<\/div><\/div>\n","protected":false},"excerpt":{"rendered":"","protected":false},"author":210,"featured_media":0,"parent":0,"menu_order":0,"comment_status":"closed","ping_status":"closed","template":"","meta":{"wp_typography_post_enhancements_disabled":false,"pgc_sgb_lightbox_settings":"","footnotes":""},"class_list":["post-115","page","type-page","status-publish","hentry"],"_links":{"self":[{"href":"https:\/\/eo-vmw-jwpa.ku.de\/wordpress-ms\/schlachter\/wp-json\/wp\/v2\/pages\/115","targetHints":{"allow":["GET"]}}],"collection":[{"href":"https:\/\/eo-vmw-jwpa.ku.de\/wordpress-ms\/schlachter\/wp-json\/wp\/v2\/pages"}],"about":[{"href":"https:\/\/eo-vmw-jwpa.ku.de\/wordpress-ms\/schlachter\/wp-json\/wp\/v2\/types\/page"}],"author":[{"embeddable":true,"href":"https:\/\/eo-vmw-jwpa.ku.de\/wordpress-ms\/schlachter\/wp-json\/wp\/v2\/users\/210"}],"replies":[{"embeddable":true,"href":"https:\/\/eo-vmw-jwpa.ku.de\/wordpress-ms\/schlachter\/wp-json\/wp\/v2\/comments?post=115"}],"version-history":[{"count":7,"href":"https:\/\/eo-vmw-jwpa.ku.de\/wordpress-ms\/schlachter\/wp-json\/wp\/v2\/pages\/115\/revisions"}],"predecessor-version":[{"id":251,"href":"https:\/\/eo-vmw-jwpa.ku.de\/wordpress-ms\/schlachter\/wp-json\/wp\/v2\/pages\/115\/revisions\/251"}],"wp:attachment":[{"href":"https:\/\/eo-vmw-jwpa.ku.de\/wordpress-ms\/schlachter\/wp-json\/wp\/v2\/media?parent=115"}],"curies":[{"name":"wp","href":"https:\/\/api.w.org\/{rel}","templated":true}]}}